{"id":13,"date":"2023-11-02T19:17:20","date_gmt":"2023-11-02T18:17:20","guid":{"rendered":"https:\/\/restaurantemesonburgos.es\/?page_id=13"},"modified":"2023-11-02T19:33:59","modified_gmt":"2023-11-02T18:33:59","slug":"una-seccion-de-la-pagina-de-inicio","status":"publish","type":"page","link":"https:\/\/restaurantemesonburgos.es\/index.php\/una-seccion-de-la-pagina-de-inicio\/","title":{"rendered":"El secreto est\u00e1 en la salsa"},"content":{"rendered":"\n<p>Es uno de los emblemas del tapeo en Burgos por su ambiente castizo y sobre todo por las que, para muchos, son las mejores patatas bravas de la ciudad (y del mundo).<\/p>\n\n\n\n<p>El secreto est\u00e1 en la salsa secreta que Presentaci\u00f3n Salazar, fundadora y due\u00f1a del Mes\u00f3n Burgos, guarda celosamente. Como ella misma destaca, esta receta est\u00e1 patentada y, salvo los que est\u00e1n entre los fogones, nadie m\u00e1s la conoce. Es m\u00e1s, aquellos que entran a trabajar en la cocina son advertidos de que la f\u00f3rmula no puede salir de esas cuatro paredes. \u2018Estas cosas son como la moneda o la Coca Cola, hay mucha gente trabajando, pero nadie puede decir c\u00f3mo se hacen\u2019. Aun as\u00ed, muchos son los que intentan sacar la receta con m\u00e1s o menos fortuna, aunque nunca es igual que la original.<\/p>\n","protected":false},"excerpt":{"rendered":"<p>Es uno de los emblemas del tapeo en Burgos por su ambiente castizo y sobre todo por las que, para muchos, son las mejores patatas bravas de la ciudad (y del mundo). El secreto est\u00e1 en la salsa secreta que Presentaci\u00f3n Salazar, fundadora y due\u00f1a del Mes\u00f3n Burgos, guarda celosamente. Como ella misma destaca, esta &hellip; <\/p>\n<p class=\"link-more\"><a href=\"https:\/\/restaurantemesonburgos.es\/index.php\/una-seccion-de-la-pagina-de-inicio\/\" class=\"more-link\">Continue reading<span class=\"screen-reader-text\"> \u00abEl secreto est\u00e1 en la salsa\u00bb<\/span><\/a><\/p>\n","protected":false},"author":1,"featured_media":44,"parent":0,"menu_order":0,"comment_status":"closed","ping_status":"closed","template":"","meta":{"footnotes":""},"_links":{"self":[{"href":"https:\/\/restaurantemesonburgos.es\/index.php\/wp-json\/wp\/v2\/pages\/13"}],"collection":[{"href":"https:\/\/restaurantemesonburgos.es\/index.php\/wp-json\/wp\/v2\/pages"}],"about":[{"href":"https:\/\/restaurantemesonburgos.es\/index.php\/wp-json\/wp\/v2\/types\/page"}],"author":[{"embeddable":true,"href":"https:\/\/restaurantemesonburgos.es\/index.php\/wp-json\/wp\/v2\/users\/1"}],"replies":[{"embeddable":true,"href":"https:\/\/restaurantemesonburgos.es\/index.php\/wp-json\/wp\/v2\/comments?post=13"}],"version-history":[{"count":2,"href":"https:\/\/restaurantemesonburgos.es\/index.php\/wp-json\/wp\/v2\/pages\/13\/revisions"}],"predecessor-version":[{"id":45,"href":"https:\/\/restaurantemesonburgos.es\/index.php\/wp-json\/wp\/v2\/pages\/13\/revisions\/45"}],"wp:featuredmedia":[{"embeddable":true,"href":"https:\/\/restaurantemesonburgos.es\/index.php\/wp-json\/wp\/v2\/media\/44"}],"wp:attachment":[{"href":"https:\/\/restaurantemesonburgos.es\/index.php\/wp-json\/wp\/v2\/media?parent=13"}],"curies":[{"name":"wp","href":"https:\/\/api.w.org\/{rel}","templated":true}]}}