{"id":82,"date":"2023-11-02T20:42:35","date_gmt":"2023-11-02T19:42:35","guid":{"rendered":"https:\/\/restaurantemesonburgos.es\/?page_id=82"},"modified":"2026-02-02T13:53:03","modified_gmt":"2026-02-02T12:53:03","slug":"lechazo","status":"publish","type":"page","link":"https:\/\/restaurantemesonburgos.es\/index.php\/lechazo\/","title":{"rendered":"Lechazo"},"content":{"rendered":"\n<h2 class=\"wp-block-heading\">Nuestro Lechazo<\/h2>\n\n\n\n<p><strong>1\/4 de lechazo asado (2 PAX)<\/strong>  65,00 \u20ac<\/p>\n\n\n\n<p><strong>Chuletillas de lechazo <\/strong>  2\u20ac<\/p>\n\n\n\n<p><strong>H\u00edgado de lechazo encebollado <\/strong>  12,00 \u20ac<\/p>\n\n\n\n<p><strong>Sesos de lechazo a la romana <\/strong>  10,00 \u20ac<\/p>\n\n\n\n<p><strong>Mollejas de lechazo al ajillo <\/strong> 19,00 \u20ac<\/p>\n\n\n\n<figure class=\"wp-block-gallery has-nested-images columns-default is-cropped wp-block-gallery-1 is-layout-flex wp-block-gallery-is-layout-flex\">\n<figure class=\"wp-block-image size-large\"><img decoding=\"async\" loading=\"lazy\" width=\"640\" height=\"480\" data-id=\"151\" src=\"https:\/\/restaurantemesonburgos.es\/wp-content\/uploads\/2023\/11\/7chuletas-de-cordero.jpg\" alt=\"\" class=\"wp-image-151\" srcset=\"https:\/\/restaurantemesonburgos.es\/wp-content\/uploads\/2023\/11\/7chuletas-de-cordero.jpg 640w, https:\/\/restaurantemesonburgos.es\/wp-content\/uploads\/2023\/11\/7chuletas-de-cordero-300x225.jpg 300w\" sizes=\"(max-width: 640px) 100vw, 640px\" \/><\/figure>\n\n\n\n<figure class=\"wp-block-image size-large\"><img decoding=\"async\" loading=\"lazy\" width=\"1024\" height=\"538\" data-id=\"150\" src=\"https:\/\/restaurantemesonburgos.es\/wp-content\/uploads\/2023\/11\/IMG-20171211-WA0065-2-1024x538.jpg\" alt=\"\" class=\"wp-image-150\" srcset=\"https:\/\/restaurantemesonburgos.es\/wp-content\/uploads\/2023\/11\/IMG-20171211-WA0065-2-1024x538.jpg 1024w, https:\/\/restaurantemesonburgos.es\/wp-content\/uploads\/2023\/11\/IMG-20171211-WA0065-2-300x158.jpg 300w, https:\/\/restaurantemesonburgos.es\/wp-content\/uploads\/2023\/11\/IMG-20171211-WA0065-2-768x403.jpg 768w, https:\/\/restaurantemesonburgos.es\/wp-content\/uploads\/2023\/11\/IMG-20171211-WA0065-2.jpg 1200w\" sizes=\"(max-width: 767px) 89vw, (max-width: 1000px) 54vw, (max-width: 1071px) 543px, 580px\" \/><\/figure>\n<\/figure>\n\n\n\n<p><strong>MEN\u00da DE LA CASA<\/strong><\/p>\n\n\n\n<p><strong>Revuelto de ajetes o sopa castellana<\/strong><\/p>\n\n\n\n<p><strong>Medall\u00f3n de Solomillo Ib\u00e9rico o Codillo Asado \/ Salm\u00f3n a la plancha o Lubina a la plancha<\/strong><\/p>\n\n\n\n<p><strong>Pan, vino o agua y postre<\/strong><\/p>\n\n\n\n<p><strong>28,00 \u20ac<\/strong><\/p>\n","protected":false},"excerpt":{"rendered":"<p>Nuestro Lechazo 1\/4 de lechazo asado (2 PAX) 65,00 \u20ac Chuletillas de lechazo 2\u20ac H\u00edgado de lechazo encebollado 12,00 \u20ac Sesos de lechazo a la romana 10,00 \u20ac Mollejas de lechazo al ajillo 19,00 \u20ac MEN\u00da DE LA CASA Revuelto de ajetes o sopa castellana Medall\u00f3n de Solomillo Ib\u00e9rico o Codillo Asado \/ Salm\u00f3n a &hellip; <\/p>\n<p class=\"link-more\"><a href=\"https:\/\/restaurantemesonburgos.es\/index.php\/lechazo\/\" class=\"more-link\">Continue reading<span class=\"screen-reader-text\"> \u00abLechazo\u00bb<\/span><\/a><\/p>\n","protected":false},"author":1,"featured_media":152,"parent":0,"menu_order":0,"comment_status":"closed","ping_status":"closed","template":"","meta":{"footnotes":""},"_links":{"self":[{"href":"https:\/\/restaurantemesonburgos.es\/index.php\/wp-json\/wp\/v2\/pages\/82"}],"collection":[{"href":"https:\/\/restaurantemesonburgos.es\/index.php\/wp-json\/wp\/v2\/pages"}],"about":[{"href":"https:\/\/restaurantemesonburgos.es\/index.php\/wp-json\/wp\/v2\/types\/page"}],"author":[{"embeddable":true,"href":"https:\/\/restaurantemesonburgos.es\/index.php\/wp-json\/wp\/v2\/users\/1"}],"replies":[{"embeddable":true,"href":"https:\/\/restaurantemesonburgos.es\/index.php\/wp-json\/wp\/v2\/comments?post=82"}],"version-history":[{"count":5,"href":"https:\/\/restaurantemesonburgos.es\/index.php\/wp-json\/wp\/v2\/pages\/82\/revisions"}],"predecessor-version":[{"id":215,"href":"https:\/\/restaurantemesonburgos.es\/index.php\/wp-json\/wp\/v2\/pages\/82\/revisions\/215"}],"wp:featuredmedia":[{"embeddable":true,"href":"https:\/\/restaurantemesonburgos.es\/index.php\/wp-json\/wp\/v2\/media\/152"}],"wp:attachment":[{"href":"https:\/\/restaurantemesonburgos.es\/index.php\/wp-json\/wp\/v2\/media?parent=82"}],"curies":[{"name":"wp","href":"https:\/\/api.w.org\/{rel}","templated":true}]}}