{"id":84,"date":"2023-11-02T20:42:35","date_gmt":"2023-11-02T19:42:35","guid":{"rendered":"https:\/\/restaurantemesonburgos.es\/?page_id=84"},"modified":"2026-02-02T13:56:01","modified_gmt":"2026-02-02T12:56:01","slug":"postres","status":"publish","type":"page","link":"https:\/\/restaurantemesonburgos.es\/index.php\/postres\/","title":{"rendered":"Postres"},"content":{"rendered":"\n<p><strong>Arroz con leche<\/strong>  5,00 \u20ac<\/p>\n\n\n\n<p><strong>Natillas<\/strong>  5,00 \u20ac<\/p>\n\n\n\n<p><strong>Flan <\/strong>  5,00 \u20ac<\/p>\n\n\n\n<p><strong>Postre del abuelo <\/strong>  5,50 \u20ac<\/p>\n\n\n\n<p><strong>Postre de la abuela<\/strong>  5,00 \u20ac<\/p>\n\n\n\n<p><strong>Crema de yogourt <\/strong>  5,50 \u20ac<\/p>\n\n\n\n<p><strong>Tarta Mes\u00f3n de Burgos<\/strong>  5,50 \u20ac<\/p>\n\n\n\n<p><strong>Pi\u00f1a o melocot\u00f3n en alm\u00edbar <\/strong>  5,00 \u20ac<\/p>\n\n\n\n<figure class=\"wp-block-gallery has-nested-images columns-default is-cropped wp-block-gallery-1 is-layout-flex wp-block-gallery-is-layout-flex\">\n<figure class=\"wp-block-image size-large\"><img decoding=\"async\" loading=\"lazy\" width=\"830\" height=\"321\" data-id=\"163\" src=\"https:\/\/restaurantemesonburgos.es\/wp-content\/uploads\/2023\/11\/Fruta-fresca-durante-mas-tiempo-2-830x321-1.jpeg\" alt=\"\" class=\"wp-image-163\" srcset=\"https:\/\/restaurantemesonburgos.es\/wp-content\/uploads\/2023\/11\/Fruta-fresca-durante-mas-tiempo-2-830x321-1.jpeg 830w, https:\/\/restaurantemesonburgos.es\/wp-content\/uploads\/2023\/11\/Fruta-fresca-durante-mas-tiempo-2-830x321-1-300x116.jpeg 300w, https:\/\/restaurantemesonburgos.es\/wp-content\/uploads\/2023\/11\/Fruta-fresca-durante-mas-tiempo-2-830x321-1-768x297.jpeg 768w\" sizes=\"(max-width: 767px) 89vw, (max-width: 1000px) 54vw, (max-width: 1071px) 543px, 580px\" \/><\/figure>\n\n\n\n<figure class=\"wp-block-image size-large\"><img decoding=\"async\" loading=\"lazy\" width=\"612\" height=\"408\" data-id=\"161\" src=\"https:\/\/restaurantemesonburgos.es\/wp-content\/uploads\/2023\/11\/istockphoto-119394438-612x612-1.jpg\" alt=\"\" class=\"wp-image-161\" srcset=\"https:\/\/restaurantemesonburgos.es\/wp-content\/uploads\/2023\/11\/istockphoto-119394438-612x612-1.jpg 612w, https:\/\/restaurantemesonburgos.es\/wp-content\/uploads\/2023\/11\/istockphoto-119394438-612x612-1-300x200.jpg 300w\" sizes=\"(max-width: 612px) 100vw, 612px\" \/><\/figure>\n\n\n\n<figure class=\"wp-block-image size-large\"><img decoding=\"async\" loading=\"lazy\" width=\"750\" height=\"422\" data-id=\"162\" src=\"https:\/\/restaurantemesonburgos.es\/wp-content\/uploads\/2023\/11\/natillas-caseras.jpg\" alt=\"\" class=\"wp-image-162\" srcset=\"https:\/\/restaurantemesonburgos.es\/wp-content\/uploads\/2023\/11\/natillas-caseras.jpg 750w, https:\/\/restaurantemesonburgos.es\/wp-content\/uploads\/2023\/11\/natillas-caseras-300x169.jpg 300w\" sizes=\"(max-width: 706px) 89vw, (max-width: 767px) 82vw, 740px\" \/><\/figure>\n<\/figure>\n\n\n\n<p><strong>MEN\u00da DE LA CASA<\/strong><\/p>\n\n\n\n<p><strong>Revuelto de ajetes o sopa castellana<\/strong><\/p>\n\n\n\n<p><strong>Medall\u00f3n de Solomillo Ib\u00e9rico o Codillo Asado \/ Salm\u00f3n a la plancha o Lubina a la plancha<\/strong><\/p>\n\n\n\n<p><strong>Pan, vino o agua y postre<\/strong><\/p>\n\n\n\n<p><strong>28,00 \u20ac<\/strong><\/p>\n","protected":false},"excerpt":{"rendered":"<p>Arroz con leche 5,00 \u20ac Natillas 5,00 \u20ac Flan 5,00 \u20ac Postre del abuelo 5,50 \u20ac Postre de la abuela 5,00 \u20ac Crema de yogourt 5,50 \u20ac Tarta Mes\u00f3n de Burgos 5,50 \u20ac Pi\u00f1a o melocot\u00f3n en alm\u00edbar 5,00 \u20ac MEN\u00da DE LA CASA Revuelto de ajetes o sopa castellana Medall\u00f3n de Solomillo Ib\u00e9rico o &hellip; <\/p>\n<p class=\"link-more\"><a href=\"https:\/\/restaurantemesonburgos.es\/index.php\/postres\/\" class=\"more-link\">Continue reading<span class=\"screen-reader-text\"> \u00abPostres\u00bb<\/span><\/a><\/p>\n","protected":false},"author":1,"featured_media":164,"parent":0,"menu_order":0,"comment_status":"closed","ping_status":"closed","template":"","meta":{"footnotes":""},"_links":{"self":[{"href":"https:\/\/restaurantemesonburgos.es\/index.php\/wp-json\/wp\/v2\/pages\/84"}],"collection":[{"href":"https:\/\/restaurantemesonburgos.es\/index.php\/wp-json\/wp\/v2\/pages"}],"about":[{"href":"https:\/\/restaurantemesonburgos.es\/index.php\/wp-json\/wp\/v2\/types\/page"}],"author":[{"embeddable":true,"href":"https:\/\/restaurantemesonburgos.es\/index.php\/wp-json\/wp\/v2\/users\/1"}],"replies":[{"embeddable":true,"href":"https:\/\/restaurantemesonburgos.es\/index.php\/wp-json\/wp\/v2\/comments?post=84"}],"version-history":[{"count":4,"href":"https:\/\/restaurantemesonburgos.es\/index.php\/wp-json\/wp\/v2\/pages\/84\/revisions"}],"predecessor-version":[{"id":218,"href":"https:\/\/restaurantemesonburgos.es\/index.php\/wp-json\/wp\/v2\/pages\/84\/revisions\/218"}],"wp:featuredmedia":[{"embeddable":true,"href":"https:\/\/restaurantemesonburgos.es\/index.php\/wp-json\/wp\/v2\/media\/164"}],"wp:attachment":[{"href":"https:\/\/restaurantemesonburgos.es\/index.php\/wp-json\/wp\/v2\/media?parent=84"}],"curies":[{"name":"wp","href":"https:\/\/api.w.org\/{rel}","templated":true}]}}