{"id":9,"date":"2023-11-02T19:17:20","date_gmt":"2023-11-02T18:17:20","guid":{"rendered":"https:\/\/restaurantemesonburgos.es\/?page_id=9"},"modified":"2023-11-02T22:14:48","modified_gmt":"2023-11-02T21:14:48","slug":"inicio","status":"publish","type":"page","link":"https:\/\/restaurantemesonburgos.es\/","title":{"rendered":"Mes\u00f3n Burgos"},"content":{"rendered":"\n<h3 class=\"wp-block-heading\">UNA VISITA OBLIGADA EN BURGOS.<br>LA TRADICI\u00d3N A MITAD DE CAMINO ENTRE LA CATEDRAL Y LA PLAZA MAYOR<\/h3>\n\n\n\n<hr class=\"wp-block-separator has-alpha-channel-opacity\"\/>\n\n\n\n<p>El&nbsp;Restaurante Mes\u00f3n Burgos&nbsp;es un emblem\u00e1tico&nbsp;mes\u00f3n&nbsp; castellano&nbsp;fundando en 1957 y ubicado en la zona de tapeo por excelencia de la ciudad de&nbsp;Burgos.<\/p>\n\n\n\n<p>Adem\u00e1s de por sus excelentes&nbsp;carnes&nbsp;asadas&nbsp;y&nbsp;guisos&nbsp;tradicionales, este local es m\u00e1s que conocido por sus famosas&nbsp;patatas&nbsp;bravas&nbsp;y el sabor \u00fanico de esa deliciosa salsa, con d\u00e9cadas de historia, que las acompa\u00f1a y de la que guardamos cuidadosamente en secreto la receta.<\/p>\n\n\n\n<hr class=\"wp-block-separator has-alpha-channel-opacity\"\/>\n\n\n\n<figure class=\"wp-block-image size-large is-resized\"><img decoding=\"async\" loading=\"lazy\" width=\"1024\" height=\"576\" src=\"https:\/\/restaurantemesonburgos.es\/wp-content\/uploads\/2023\/11\/EntradaWeb_Repsol-01-scaled-1-1024x576.jpg\" alt=\"\" class=\"wp-image-166\" style=\"aspect-ratio:1.7777777777777777;width:673px;height:auto\" srcset=\"https:\/\/restaurantemesonburgos.es\/wp-content\/uploads\/2023\/11\/EntradaWeb_Repsol-01-scaled-1-1024x576.jpg 1024w, https:\/\/restaurantemesonburgos.es\/wp-content\/uploads\/2023\/11\/EntradaWeb_Repsol-01-scaled-1-300x169.jpg 300w, https:\/\/restaurantemesonburgos.es\/wp-content\/uploads\/2023\/11\/EntradaWeb_Repsol-01-scaled-1-768x432.jpg 768w, https:\/\/restaurantemesonburgos.es\/wp-content\/uploads\/2023\/11\/EntradaWeb_Repsol-01-scaled-1-1536x864.jpg 1536w, https:\/\/restaurantemesonburgos.es\/wp-content\/uploads\/2023\/11\/EntradaWeb_Repsol-01-scaled-1-2048x1152.jpg 2048w\" sizes=\"(max-width: 767px) 89vw, (max-width: 1000px) 54vw, (max-width: 1071px) 543px, 580px\" \/><\/figure>\n","protected":false},"excerpt":{"rendered":"<p>UNA VISITA OBLIGADA EN BURGOS.LA TRADICI\u00d3N A MITAD DE CAMINO ENTRE LA CATEDRAL Y LA PLAZA MAYOR El&nbsp;Restaurante Mes\u00f3n Burgos&nbsp;es un emblem\u00e1tico&nbsp;mes\u00f3n&nbsp; castellano&nbsp;fundando en 1957 y ubicado en la zona de tapeo por excelencia de la ciudad de&nbsp;Burgos. Adem\u00e1s de por sus excelentes&nbsp;carnes&nbsp;asadas&nbsp;y&nbsp;guisos&nbsp;tradicionales, este local es m\u00e1s que conocido por sus famosas&nbsp;patatas&nbsp;bravas&nbsp;y el sabor \u00fanico &hellip; <\/p>\n<p class=\"link-more\"><a href=\"https:\/\/restaurantemesonburgos.es\/\" class=\"more-link\">Continue reading<span class=\"screen-reader-text\"> \u00abMes\u00f3n Burgos\u00bb<\/span><\/a><\/p>\n","protected":false},"author":1,"featured_media":38,"parent":0,"menu_order":0,"comment_status":"closed","ping_status":"closed","template":"","meta":{"footnotes":""},"_links":{"self":[{"href":"https:\/\/restaurantemesonburgos.es\/index.php\/wp-json\/wp\/v2\/pages\/9"}],"collection":[{"href":"https:\/\/restaurantemesonburgos.es\/index.php\/wp-json\/wp\/v2\/pages"}],"about":[{"href":"https:\/\/restaurantemesonburgos.es\/index.php\/wp-json\/wp\/v2\/types\/page"}],"author":[{"embeddable":true,"href":"https:\/\/restaurantemesonburgos.es\/index.php\/wp-json\/wp\/v2\/users\/1"}],"replies":[{"embeddable":true,"href":"https:\/\/restaurantemesonburgos.es\/index.php\/wp-json\/wp\/v2\/comments?post=9"}],"version-history":[{"count":4,"href":"https:\/\/restaurantemesonburgos.es\/index.php\/wp-json\/wp\/v2\/pages\/9\/revisions"}],"predecessor-version":[{"id":167,"href":"https:\/\/restaurantemesonburgos.es\/index.php\/wp-json\/wp\/v2\/pages\/9\/revisions\/167"}],"wp:featuredmedia":[{"embeddable":true,"href":"https:\/\/restaurantemesonburgos.es\/index.php\/wp-json\/wp\/v2\/media\/38"}],"wp:attachment":[{"href":"https:\/\/restaurantemesonburgos.es\/index.php\/wp-json\/wp\/v2\/media?parent=9"}],"curies":[{"name":"wp","href":"https:\/\/api.w.org\/{rel}","templated":true}]}}